{"id":2783,"date":"2023-01-24T11:41:03","date_gmt":"2023-01-24T11:41:03","guid":{"rendered":"https:\/\/www.obm-legal.com\/aviso-legal-de-obm-legal-consulting\/"},"modified":"2025-10-28T15:01:36","modified_gmt":"2025-10-28T15:01:36","slug":"aviso-legal-de-obm-legal-consulting","status":"publish","type":"page","link":"https:\/\/www.obm-legal.com\/es\/aviso-legal-de-obm-legal-consulting\/","title":{"rendered":"Aviso legal de OBM Legal Consulting"},"content":{"rendered":"\t\t<div data-elementor-type=\"wp-page\" data-elementor-id=\"2783\" class=\"elementor elementor-2783 elementor-73\" data-elementor-post-type=\"page\">\n\t\t\t\t\t\t<section class=\"elementor-section elementor-top-section elementor-element elementor-element-40f70e2c elementor-section-height-min-height elementor-section-boxed elementor-section-height-default elementor-section-items-middle\" data-id=\"40f70e2c\" data-element_type=\"section\" data-e-type=\"section\" data-settings=\"{&quot;background_background&quot;:&quot;classic&quot;}\">\n\t\t\t\t\t\t\t<div class=\"elementor-background-overlay\"><\/div>\n\t\t\t\t\t\t\t<div class=\"elementor-container elementor-column-gap-default\">\n\t\t\t\t\t<div class=\"elementor-column elementor-col-100 elementor-top-column elementor-element elementor-element-7e7dc5c8\" data-id=\"7e7dc5c8\" data-element_type=\"column\" data-e-type=\"column\">\n\t\t\t<div class=\"elementor-widget-wrap elementor-element-populated\">\n\t\t\t\t\t\t<div class=\"elementor-element elementor-element-6a96191 elementor-widget elementor-widget-text-editor\" data-id=\"6a96191\" data-element_type=\"widget\" data-e-type=\"widget\" data-widget_type=\"text-editor.default\">\n\t\t\t\t<div class=\"elementor-widget-container\">\n\t\t\t\t\t\t\t\t\t<p><a href=\"\/es\">INICIO<\/a> \/<br>DESCARGO DE RESPONSABILIDAD OBM CONSULTOR\u00cdA LEGAL<\/p>\t\t\t\t\t\t\t\t<\/div>\n\t\t\t\t<\/div>\n\t\t\t\t\t<\/div>\n\t\t<\/div>\n\t\t\t\t\t<\/div>\n\t\t<\/section>\n\t\t\t\t<section class=\"elementor-section elementor-top-section elementor-element elementor-element-55f96c9f elementor-section-boxed elementor-section-height-default elementor-section-height-default\" data-id=\"55f96c9f\" data-element_type=\"section\" data-e-type=\"section\">\n\t\t\t\t\t\t<div class=\"elementor-container elementor-column-gap-default\">\n\t\t\t\t\t<div class=\"elementor-column elementor-col-66 elementor-top-column elementor-element elementor-element-6928765c\" data-id=\"6928765c\" data-element_type=\"column\" data-e-type=\"column\">\n\t\t\t<div class=\"elementor-widget-wrap elementor-element-populated\">\n\t\t\t\t\t\t<div class=\"elementor-element elementor-element-448f2b6a elementor-widget elementor-widget-spacer\" data-id=\"448f2b6a\" data-element_type=\"widget\" data-e-type=\"widget\" data-widget_type=\"spacer.default\">\n\t\t\t\t<div class=\"elementor-widget-container\">\n\t\t\t\t\t\t\t<div class=\"elementor-spacer\">\n\t\t\t<div class=\"elementor-spacer-inner\"><\/div>\n\t\t<\/div>\n\t\t\t\t\t\t<\/div>\n\t\t\t\t<\/div>\n\t\t\t\t<div class=\"elementor-element elementor-element-2ef99fc elementor-widget-divider--view-line_icon elementor-view-default elementor-widget-divider--element-align-center elementor-widget elementor-widget-divider\" data-id=\"2ef99fc\" data-element_type=\"widget\" data-e-type=\"widget\" data-widget_type=\"divider.default\">\n\t\t\t\t<div class=\"elementor-widget-container\">\n\t\t\t\t\t\t\t<div class=\"elementor-divider\">\n\t\t\t<span class=\"elementor-divider-separator\">\n\t\t\t\t\t\t\t<div class=\"elementor-icon elementor-divider__element\">\n\t\t\t\t\t<\/div>\n\t\t\t\t\t\t<\/span>\n\t\t<\/div>\n\t\t\t\t\t\t<\/div>\n\t\t\t\t<\/div>\n\t\t\t\t<div class=\"elementor-element elementor-element-75e20ebe elementor-widget elementor-widget-spacer\" data-id=\"75e20ebe\" data-element_type=\"widget\" data-e-type=\"widget\" data-widget_type=\"spacer.default\">\n\t\t\t\t<div class=\"elementor-widget-container\">\n\t\t\t\t\t\t\t<div class=\"elementor-spacer\">\n\t\t\t<div class=\"elementor-spacer-inner\"><\/div>\n\t\t<\/div>\n\t\t\t\t\t\t<\/div>\n\t\t\t\t<\/div>\n\t\t\t\t<div class=\"elementor-element elementor-element-38844ded elementor-widget elementor-widget-text-editor\" data-id=\"38844ded\" data-element_type=\"widget\" data-e-type=\"widget\" data-widget_type=\"text-editor.default\">\n\t\t\t\t<div class=\"elementor-widget-container\">\n\t\t\t\t\t\t\t\t\t<p>Mayo 2020<\/p><p>(1) Estos t\u00e9rminos y condiciones generales de uso (\u201cT\u00e9rminos de Uso\u201d) son aplicables al uso de cualquier sitio web (\u201cSitio Web\u201d) de OBM Legal Consulting y a cualquier informaci\u00f3n proporcionada o recomendaci\u00f3n realizada (\u201cInformaci\u00f3n\u201d) en o a trav\u00e9s del Sitio Web.<\/p><p>Condiciones de uso<\/p><p>(2) Los t\u00e9rminos y condiciones generales de OBM Legal Consulting se aplican a cualquier relaci\u00f3n procesal que surja como resultado o en relaci\u00f3n con el uso del sitio web. Los t\u00e9rminos y condiciones generales de OBM Legal Consulting est\u00e1n disponibles previa solicitud y tambi\u00e9n se pueden encontrar en este sitio web, en la secci\u00f3n \u00abT\u00e9rminos y condiciones\u00bb. Acceda directamente a nuestros t\u00e9rminos y condiciones generales.  <\/p><p>(3) El material o contenido de la web se proporciona \u00fanicamente con fines informativos generales. La informaci\u00f3n no constituye asesoramiento legal. Los usuarios no deben basarse en la informaci\u00f3n sin consultar previamente con un abogado.  <\/p><p>(4) OBM Legal Consulting no acepta responsabilidad por lo siguiente: cualquier p\u00e9rdida u otro da\u00f1o en relaci\u00f3n con el uso o la imposibilidad de acceder al Sitio web o la Informaci\u00f3n, incluida la p\u00e9rdida o el da\u00f1o causado por un virus o por la inexactitud o incompletitud de (i) la Informaci\u00f3n, (ii) la informaci\u00f3n proporcionada en o por medio de un sitio web al que el Sitio web hace referencia, o (iii) la informaci\u00f3n proporcionada en o por medio de un sitio web que hace referencia al sitio web. informaci\u00f3n colocada en el Sitio web sin consultarnos de antemano.    <\/p><p>Una limitaci\u00f3n o exclusi\u00f3n de responsabilidad en el sentido del presente art\u00edculo no se aplica a p\u00e9rdidas o da\u00f1os resultantes de una conducta dolosa o imprudente por parte de OBM Legal Consulting.<\/p><p><strong>Derechos de autor y marca registrada<\/strong><\/p><p>(5) A menos que se indique lo contrario, OBM Legal Consulting es el propietario o titular de todos los derechos de propiedad intelectual con respecto al Sitio web y la Informaci\u00f3n, incluidos los derechos de autor.<\/p><p>(6) Se concede permiso para ver el Sitio web y la Informaci\u00f3n, pero la Informaci\u00f3n no debe modificarse y debe incluirse una referencia a estos T\u00e9rminos de uso y los t\u00e9rminos y condiciones generales con dicha copia. <\/p>\t\t\t\t\t\t\t\t<\/div>\n\t\t\t\t<\/div>\n\t\t\t\t<div class=\"elementor-element elementor-element-6e6170ad elementor-widget elementor-widget-spacer\" data-id=\"6e6170ad\" data-element_type=\"widget\" data-e-type=\"widget\" data-widget_type=\"spacer.default\">\n\t\t\t\t<div class=\"elementor-widget-container\">\n\t\t\t\t\t\t\t<div class=\"elementor-spacer\">\n\t\t\t<div class=\"elementor-spacer-inner\"><\/div>\n\t\t<\/div>\n\t\t\t\t\t\t<\/div>\n\t\t\t\t<\/div>\n\t\t\t\t\t<\/div>\n\t\t<\/div>\n\t\t\t\t<div class=\"elementor-column elementor-col-33 elementor-top-column elementor-element elementor-element-63fb8e83\" data-id=\"63fb8e83\" data-element_type=\"column\" data-e-type=\"column\">\n\t\t\t<div class=\"elementor-widget-wrap elementor-element-populated\">\n\t\t\t\t\t\t<section class=\"elementor-section elementor-inner-section elementor-element elementor-element-7a6b6667 elementor-section-boxed elementor-section-height-default elementor-section-height-default\" data-id=\"7a6b6667\" data-element_type=\"section\" data-e-type=\"section\">\n\t\t\t\t\t\t<div class=\"elementor-container elementor-column-gap-default\">\n\t\t\t\t\t<div class=\"elementor-column elementor-col-100 elementor-inner-column elementor-element elementor-element-5c3d4802\" data-id=\"5c3d4802\" data-element_type=\"column\" data-e-type=\"column\" data-settings=\"{&quot;background_background&quot;:&quot;classic&quot;}\">\n\t\t\t<div class=\"elementor-widget-wrap elementor-element-populated\">\n\t\t\t\t\t<div class=\"elementor-background-overlay\"><\/div>\n\t\t\t\t\t\t<div class=\"elementor-element elementor-element-7cc17b3c elementor-widget elementor-widget-heading\" data-id=\"7cc17b3c\" data-element_type=\"widget\" data-e-type=\"widget\" data-widget_type=\"heading.default\">\n\t\t\t\t<div class=\"elementor-widget-container\">\n\t\t\t\t\t<h2 class=\"elementor-heading-title elementor-size-default\">\u00bfNecesitas un consejo de nuestros expertos?<\/h2>\t\t\t\t<\/div>\n\t\t\t\t<\/div>\n\t\t\t\t<div class=\"elementor-element elementor-element-515a649e elementor-align-center elementor-icon-list--layout-traditional elementor-list-item-link-full_width elementor-widget elementor-widget-icon-list\" data-id=\"515a649e\" data-element_type=\"widget\" data-e-type=\"widget\" data-widget_type=\"icon-list.default\">\n\t\t\t\t<div class=\"elementor-widget-container\">\n\t\t\t\t\t\t\t<ul class=\"elementor-icon-list-items\">\n\t\t\t\t\t\t\t<li class=\"elementor-icon-list-item\">\n\t\t\t\t\t\t\t\t\t\t\t<a href=\"mailto:info@obm-legal.com\">\n\n\t\t\t\t\t\t\t\t\t\t\t\t<span class=\"elementor-icon-list-icon\">\n\t\t\t\t\t\t\t<i aria-hidden=\"true\" class=\"icon icon-email1\"><\/i>\t\t\t\t\t\t<\/span>\n\t\t\t\t\t\t\t\t\t\t<span class=\"elementor-icon-list-text\">info@obm-legal.com<\/span>\n\t\t\t\t\t\t\t\t\t\t\t<\/a>\n\t\t\t\t\t\t\t\t\t<\/li>\n\t\t\t\t\t\t<\/ul>\n\t\t\t\t\t\t<\/div>\n\t\t\t\t<\/div>\n\t\t\t\t<div class=\"elementor-element elementor-element-15d5d0e0 elementor-align-center elementor-widget elementor-widget-button\" data-id=\"15d5d0e0\" data-element_type=\"widget\" data-e-type=\"widget\" data-widget_type=\"button.default\">\n\t\t\t\t<div class=\"elementor-widget-container\">\n\t\t\t\t\t\t\t\t\t<div class=\"elementor-button-wrapper\">\n\t\t\t\t\t<a class=\"elementor-button elementor-button-link elementor-size-sm\" href=\"http:\/\/www.obm-legal.com\/nieuw\/contact\/\">\n\t\t\t\t\t\t<span class=\"elementor-button-content-wrapper\">\n\t\t\t\t\t\t\t\t\t<span class=\"elementor-button-text\">Contacto<\/span>\n\t\t\t\t\t<\/span>\n\t\t\t\t\t<\/a>\n\t\t\t\t<\/div>\n\t\t\t\t\t\t\t\t<\/div>\n\t\t\t\t<\/div>\n\t\t\t\t\t<\/div>\n\t\t<\/div>\n\t\t\t\t\t<\/div>\n\t\t<\/section>\n\t\t\t\t\t<\/div>\n\t\t<\/div>\n\t\t\t\t\t<\/div>\n\t\t<\/section>\n\t\t\t\t<\/div>\n\t\t","protected":false},"excerpt":{"rendered":"<p>INICIO \/DESCARGO DE RESPONSABILIDAD OBM CONSULTOR\u00cdA LEGAL Mayo 2020 (1) Estos t\u00e9rminos y condiciones generales de uso (\u201cT\u00e9rminos de Uso\u201d) son aplicables al uso de cualquier sitio web (\u201cSitio Web\u201d) de OBM Legal Consulting y a cualquier informaci\u00f3n proporcionada o recomendaci\u00f3n realizada (\u201cInformaci\u00f3n\u201d) en o a trav\u00e9s del Sitio Web. Condiciones de uso (2) Los [&hellip;]<\/p>\n","protected":false},"author":2,"featured_media":0,"parent":0,"menu_order":0,"comment_status":"closed","ping_status":"closed","template":"elementor_header_footer","meta":{"footnotes":""},"class_list":["post-2783","page","type-page","status-publish","hentry"],"yoast_head":"<!-- This site is optimized with the Yoast SEO plugin v27.5 - https:\/\/yoast.com\/product\/yoast-seo-wordpress\/ -->\n<title>Aviso legal de OBM Legal Consulting - OBM Legal Consulting<\/title>\n<meta name=\"robots\" content=\"noindex, nofollow\" \/>\n<meta property=\"og:locale\" content=\"es_ES\" \/>\n<meta property=\"og:type\" content=\"article\" \/>\n<meta property=\"og:title\" content=\"Aviso legal de OBM Legal Consulting - OBM Legal Consulting\" \/>\n<meta property=\"og:description\" content=\"INICIO \/DESCARGO DE RESPONSABILIDAD OBM CONSULTOR\u00cdA LEGAL Mayo 2020 (1) Estos t\u00e9rminos y condiciones generales de uso (\u201cT\u00e9rminos de Uso\u201d) son aplicables al uso de cualquier sitio web (\u201cSitio Web\u201d) de OBM Legal Consulting y a cualquier informaci\u00f3n proporcionada o recomendaci\u00f3n realizada (\u201cInformaci\u00f3n\u201d) en o a trav\u00e9s del Sitio Web. Condiciones de uso (2) Los [&hellip;]\" \/>\n<meta property=\"og:url\" content=\"https:\/\/www.obm-legal.com\/es\/aviso-legal-de-obm-legal-consulting\/\" \/>\n<meta property=\"og:site_name\" content=\"OBM Legal Consulting\" \/>\n<meta property=\"article:modified_time\" content=\"2025-10-28T15:01:36+00:00\" \/>\n<meta name=\"twitter:card\" content=\"summary_large_image\" \/>\n<meta name=\"twitter:label1\" content=\"Tiempo de lectura\" \/>\n\t<meta name=\"twitter:data1\" content=\"2 minutos\" \/>\n<script type=\"application\/ld+json\" class=\"yoast-schema-graph\">{\"@context\":\"https:\\\/\\\/schema.org\",\"@graph\":[{\"@type\":\"WebPage\",\"@id\":\"https:\\\/\\\/www.obm-legal.com\\\/es\\\/aviso-legal-de-obm-legal-consulting\\\/\",\"url\":\"https:\\\/\\\/www.obm-legal.com\\\/es\\\/aviso-legal-de-obm-legal-consulting\\\/\",\"name\":\"Aviso legal de OBM Legal Consulting - OBM Legal Consulting\",\"isPartOf\":{\"@id\":\"https:\\\/\\\/www.obm-legal.com\\\/es\\\/#website\"},\"datePublished\":\"2023-01-24T11:41:03+00:00\",\"dateModified\":\"2025-10-28T15:01:36+00:00\",\"breadcrumb\":{\"@id\":\"https:\\\/\\\/www.obm-legal.com\\\/es\\\/aviso-legal-de-obm-legal-consulting\\\/#breadcrumb\"},\"inLanguage\":\"es\",\"potentialAction\":[{\"@type\":\"ReadAction\",\"target\":[\"https:\\\/\\\/www.obm-legal.com\\\/es\\\/aviso-legal-de-obm-legal-consulting\\\/\"]}]},{\"@type\":\"BreadcrumbList\",\"@id\":\"https:\\\/\\\/www.obm-legal.com\\\/es\\\/aviso-legal-de-obm-legal-consulting\\\/#breadcrumb\",\"itemListElement\":[{\"@type\":\"ListItem\",\"position\":1,\"name\":\"Home\",\"item\":\"https:\\\/\\\/www.obm-legal.com\\\/es\\\/\"},{\"@type\":\"ListItem\",\"position\":2,\"name\":\"Aviso legal de OBM Legal Consulting\"}]},{\"@type\":\"WebSite\",\"@id\":\"https:\\\/\\\/www.obm-legal.com\\\/es\\\/#website\",\"url\":\"https:\\\/\\\/www.obm-legal.com\\\/es\\\/\",\"name\":\"OBM Legal Consulting\",\"description\":\"\",\"potentialAction\":[{\"@type\":\"SearchAction\",\"target\":{\"@type\":\"EntryPoint\",\"urlTemplate\":\"https:\\\/\\\/www.obm-legal.com\\\/es\\\/?s={search_term_string}\"},\"query-input\":{\"@type\":\"PropertyValueSpecification\",\"valueRequired\":true,\"valueName\":\"search_term_string\"}}],\"inLanguage\":\"es\"}]}<\/script>\n<!-- \/ Yoast SEO plugin. -->","yoast_head_json":{"title":"Aviso legal de OBM Legal Consulting - OBM Legal Consulting","robots":{"index":"noindex","follow":"nofollow"},"og_locale":"es_ES","og_type":"article","og_title":"Aviso legal de OBM Legal Consulting - OBM Legal Consulting","og_description":"INICIO \/DESCARGO DE RESPONSABILIDAD OBM CONSULTOR\u00cdA LEGAL Mayo 2020 (1) Estos t\u00e9rminos y condiciones generales de uso (\u201cT\u00e9rminos de Uso\u201d) son aplicables al uso de cualquier sitio web (\u201cSitio Web\u201d) de OBM Legal Consulting y a cualquier informaci\u00f3n proporcionada o recomendaci\u00f3n realizada (\u201cInformaci\u00f3n\u201d) en o a trav\u00e9s del Sitio Web. Condiciones de uso (2) Los [&hellip;]","og_url":"https:\/\/www.obm-legal.com\/es\/aviso-legal-de-obm-legal-consulting\/","og_site_name":"OBM Legal Consulting","article_modified_time":"2025-10-28T15:01:36+00:00","twitter_card":"summary_large_image","twitter_misc":{"Tiempo de lectura":"2 minutos"},"schema":{"@context":"https:\/\/schema.org","@graph":[{"@type":"WebPage","@id":"https:\/\/www.obm-legal.com\/es\/aviso-legal-de-obm-legal-consulting\/","url":"https:\/\/www.obm-legal.com\/es\/aviso-legal-de-obm-legal-consulting\/","name":"Aviso legal de OBM Legal Consulting - OBM Legal Consulting","isPartOf":{"@id":"https:\/\/www.obm-legal.com\/es\/#website"},"datePublished":"2023-01-24T11:41:03+00:00","dateModified":"2025-10-28T15:01:36+00:00","breadcrumb":{"@id":"https:\/\/www.obm-legal.com\/es\/aviso-legal-de-obm-legal-consulting\/#breadcrumb"},"inLanguage":"es","potentialAction":[{"@type":"ReadAction","target":["https:\/\/www.obm-legal.com\/es\/aviso-legal-de-obm-legal-consulting\/"]}]},{"@type":"BreadcrumbList","@id":"https:\/\/www.obm-legal.com\/es\/aviso-legal-de-obm-legal-consulting\/#breadcrumb","itemListElement":[{"@type":"ListItem","position":1,"name":"Home","item":"https:\/\/www.obm-legal.com\/es\/"},{"@type":"ListItem","position":2,"name":"Aviso legal de OBM Legal Consulting"}]},{"@type":"WebSite","@id":"https:\/\/www.obm-legal.com\/es\/#website","url":"https:\/\/www.obm-legal.com\/es\/","name":"OBM Legal Consulting","description":"","potentialAction":[{"@type":"SearchAction","target":{"@type":"EntryPoint","urlTemplate":"https:\/\/www.obm-legal.com\/es\/?s={search_term_string}"},"query-input":{"@type":"PropertyValueSpecification","valueRequired":true,"valueName":"search_term_string"}}],"inLanguage":"es"}]}},"_links":{"self":[{"href":"https:\/\/www.obm-legal.com\/es\/wp-json\/wp\/v2\/pages\/2783","targetHints":{"allow":["GET"]}}],"collection":[{"href":"https:\/\/www.obm-legal.com\/es\/wp-json\/wp\/v2\/pages"}],"about":[{"href":"https:\/\/www.obm-legal.com\/es\/wp-json\/wp\/v2\/types\/page"}],"author":[{"embeddable":true,"href":"https:\/\/www.obm-legal.com\/es\/wp-json\/wp\/v2\/users\/2"}],"replies":[{"embeddable":true,"href":"https:\/\/www.obm-legal.com\/es\/wp-json\/wp\/v2\/comments?post=2783"}],"version-history":[{"count":1,"href":"https:\/\/www.obm-legal.com\/es\/wp-json\/wp\/v2\/pages\/2783\/revisions"}],"predecessor-version":[{"id":2784,"href":"https:\/\/www.obm-legal.com\/es\/wp-json\/wp\/v2\/pages\/2783\/revisions\/2784"}],"wp:attachment":[{"href":"https:\/\/www.obm-legal.com\/es\/wp-json\/wp\/v2\/media?parent=2783"}],"curies":[{"name":"wp","href":"https:\/\/api.w.org\/{rel}","templated":true}]}}