{"id":2664,"date":"2025-03-31T08:50:31","date_gmt":"2025-03-31T08:50:31","guid":{"rendered":"https:\/\/www.obm-legal.com\/nuestros-servicios\/"},"modified":"2025-10-23T01:16:21","modified_gmt":"2025-10-23T01:16:21","slug":"nuestros-servicios","status":"publish","type":"page","link":"https:\/\/www.obm-legal.com\/es\/nuestros-servicios\/","title":{"rendered":"Nuestros servicios"},"content":{"rendered":"\t\t<div data-elementor-type=\"wp-page\" data-elementor-id=\"2664\" class=\"elementor elementor-2664 elementor-2548\" data-elementor-post-type=\"page\">\n\t\t\t\t\t\t<section class=\"elementor-section elementor-top-section elementor-element elementor-element-cc660df elementor-section-height-min-height elementor-section-boxed elementor-section-height-default elementor-section-items-middle\" data-id=\"cc660df\" data-element_type=\"section\" data-e-type=\"section\" data-settings=\"{&quot;background_background&quot;:&quot;classic&quot;}\">\n\t\t\t\t\t\t\t<div class=\"elementor-background-overlay\"><\/div>\n\t\t\t\t\t\t\t<div class=\"elementor-container elementor-column-gap-default\">\n\t\t\t\t\t<div class=\"elementor-column elementor-col-100 elementor-top-column elementor-element elementor-element-a1ac773\" data-id=\"a1ac773\" data-element_type=\"column\" data-e-type=\"column\">\n\t\t\t<div class=\"elementor-widget-wrap elementor-element-populated\">\n\t\t\t\t\t\t<div class=\"elementor-element elementor-element-da4e489 elementor-widget elementor-widget-heading\" data-id=\"da4e489\" data-element_type=\"widget\" data-e-type=\"widget\" data-widget_type=\"heading.default\">\n\t\t\t\t<div class=\"elementor-widget-container\">\n\t\t\t\t\t<h1 class=\"elementor-heading-title elementor-size-default\">Nuestros servicios<\/h1>\t\t\t\t<\/div>\n\t\t\t\t<\/div>\n\t\t\t\t<div class=\"elementor-element elementor-element-f1ce499 elementor-widget elementor-widget-text-editor\" data-id=\"f1ce499\" data-element_type=\"widget\" data-e-type=\"widget\" data-widget_type=\"text-editor.default\">\n\t\t\t\t<div class=\"elementor-widget-container\">\n\t\t\t\t\t\t\t\t\t<p>INICIO \/ NUESTROS SERVICIOS<\/p>\t\t\t\t\t\t\t\t<\/div>\n\t\t\t\t<\/div>\n\t\t\t\t\t<\/div>\n\t\t<\/div>\n\t\t\t\t\t<\/div>\n\t\t<\/section>\n\t\t\t\t<section class=\"elementor-section elementor-top-section elementor-element elementor-element-1853fab elementor-section-boxed elementor-section-height-default elementor-section-height-default\" data-id=\"1853fab\" data-element_type=\"section\" data-e-type=\"section\" data-settings=\"{&quot;background_background&quot;:&quot;classic&quot;}\">\n\t\t\t\t\t\t<div class=\"elementor-container elementor-column-gap-no\">\n\t\t\t\t\t<div class=\"elementor-column elementor-col-100 elementor-top-column elementor-element elementor-element-603a201\" data-id=\"603a201\" data-element_type=\"column\" data-e-type=\"column\">\n\t\t\t<div class=\"elementor-widget-wrap elementor-element-populated\">\n\t\t\t\t\t\t<div class=\"elementor-element elementor-element-af31d93 elementor-widget elementor-widget-spacer\" data-id=\"af31d93\" data-element_type=\"widget\" data-e-type=\"widget\" data-widget_type=\"spacer.default\">\n\t\t\t\t<div class=\"elementor-widget-container\">\n\t\t\t\t\t\t\t<div class=\"elementor-spacer\">\n\t\t\t<div class=\"elementor-spacer-inner\"><\/div>\n\t\t<\/div>\n\t\t\t\t\t\t<\/div>\n\t\t\t\t<\/div>\n\t\t\t\t<section class=\"elementor-section elementor-inner-section elementor-element elementor-element-e4e6207 elementor-section-boxed elementor-section-height-default elementor-section-height-default\" data-id=\"e4e6207\" data-element_type=\"section\" data-e-type=\"section\">\n\t\t\t\t\t\t<div class=\"elementor-container elementor-column-gap-default\">\n\t\t\t\t\t<div class=\"elementor-column elementor-col-33 elementor-inner-column elementor-element elementor-element-10faf74\" data-id=\"10faf74\" data-element_type=\"column\" data-e-type=\"column\" data-settings=\"{&quot;background_background&quot;:&quot;classic&quot;}\">\n\t\t\t<div class=\"elementor-widget-wrap elementor-element-populated\">\n\t\t\t\t\t\t<div class=\"elementor-element elementor-element-76f4c7e elementor-widget elementor-widget-text-editor\" data-id=\"76f4c7e\" data-element_type=\"widget\" data-e-type=\"widget\" data-widget_type=\"text-editor.default\">\n\t\t\t\t<div class=\"elementor-widget-container\">\n\t\t\t\t\t\t\t\t\t<p><b>Contratos y transacciones<\/b><\/p><ul><li aria-level=\"1\">Redacci\u00f3n y negociaci\u00f3n de contratos comerciales y gubernamentales.<br><br><\/li><li aria-level=\"1\">Estructuraci\u00f3n y gesti\u00f3n de asociaciones p\u00fablico-privadas (APP).<br><br><\/li><li aria-level=\"1\">Asesoramiento sobre estrategias de inversi\u00f3n extranjera en diversos sectores.<br><br><\/li><li aria-level=\"1\">Experiencia en derecho mercantil internacional, incluidos los acuerdos comerciales, los contratos transfronterizos y la resoluci\u00f3n de litigios.<\/li><\/ul>\t\t\t\t\t\t\t\t<\/div>\n\t\t\t\t<\/div>\n\t\t\t\t\t<\/div>\n\t\t<\/div>\n\t\t\t\t<div class=\"elementor-column elementor-col-33 elementor-inner-column elementor-element elementor-element-1af2c42\" data-id=\"1af2c42\" data-element_type=\"column\" data-e-type=\"column\" data-settings=\"{&quot;background_background&quot;:&quot;classic&quot;}\">\n\t\t\t<div class=\"elementor-widget-wrap elementor-element-populated\">\n\t\t\t\t\t\t<div class=\"elementor-element elementor-element-0a319fd elementor-widget elementor-widget-text-editor\" data-id=\"0a319fd\" data-element_type=\"widget\" data-e-type=\"widget\" data-widget_type=\"text-editor.default\">\n\t\t\t\t<div class=\"elementor-widget-container\">\n\t\t\t\t\t\t\t\t\t<p><b>Regulaci\u00f3n y cumplimiento normativo<\/b><\/p><ul><li aria-level=\"1\">Asesoramiento jur\u00eddico sobre marcos regulatorios internacionales.<br><br><\/li><li aria-level=\"1\">Cumplimiento de la legislaci\u00f3n medioambiental y aprobaciones regulatorias.<br><br><\/li><li aria-level=\"1\">Orientaci\u00f3n sobre derecho administrativo y marcos jur\u00eddicos del sector p\u00fablico.<br><br><\/li><li aria-level=\"1\">Navegaci\u00f3n por la legislaci\u00f3n neerlandesa y europea en materia de aguas y medio ambiente.<\/li><\/ul>\t\t\t\t\t\t\t\t<\/div>\n\t\t\t\t<\/div>\n\t\t\t\t\t<\/div>\n\t\t<\/div>\n\t\t\t\t<div class=\"elementor-column elementor-col-33 elementor-inner-column elementor-element elementor-element-5e6851f\" data-id=\"5e6851f\" data-element_type=\"column\" data-e-type=\"column\" data-settings=\"{&quot;background_background&quot;:&quot;classic&quot;}\">\n\t\t\t<div class=\"elementor-widget-wrap elementor-element-populated\">\n\t\t\t\t\t\t<div class=\"elementor-element elementor-element-ff12e98 elementor-widget elementor-widget-text-editor\" data-id=\"ff12e98\" data-element_type=\"widget\" data-e-type=\"widget\" data-widget_type=\"text-editor.default\">\n\t\t\t\t<div class=\"elementor-widget-container\">\n\t\t\t\t\t\t\t\t\t<p><b>Asesoramiento gubernamental y corporativo<\/b><\/p><ul><li aria-level=\"1\">Estructuraci\u00f3n de marcos de inversi\u00f3n para proyectos de infraestructura sostenible.<br><br><\/li><li aria-level=\"1\">Desarrollo de pol\u00edticas y estrategias legales para el cumplimiento normativo.<br><br><\/li><li aria-level=\"1\">Apoyo a entidades p\u00fablicas y privadas para desenvolverse en entornos legales complejos.<br><br><\/li><li aria-level=\"1\">Asesoramiento sobre estructuras corporativas internacionales y cumplimiento normativo para empresas multinacionales.<\/li><\/ul>\t\t\t\t\t\t\t\t<\/div>\n\t\t\t\t<\/div>\n\t\t\t\t\t<\/div>\n\t\t<\/div>\n\t\t\t\t\t<\/div>\n\t\t<\/section>\n\t\t\t\t<div class=\"elementor-element elementor-element-9565167 elementor-widget elementor-widget-spacer\" data-id=\"9565167\" data-element_type=\"widget\" data-e-type=\"widget\" data-widget_type=\"spacer.default\">\n\t\t\t\t<div class=\"elementor-widget-container\">\n\t\t\t\t\t\t\t<div class=\"elementor-spacer\">\n\t\t\t<div class=\"elementor-spacer-inner\"><\/div>\n\t\t<\/div>\n\t\t\t\t\t\t<\/div>\n\t\t\t\t<\/div>\n\t\t\t\t\t<\/div>\n\t\t<\/div>\n\t\t\t\t\t<\/div>\n\t\t<\/section>\n\t\t\t\t<\/div>\n\t\t","protected":false},"excerpt":{"rendered":"<p>Nuestros servicios INICIO \/ NUESTROS SERVICIOS Contratos y transacciones Redacci\u00f3n y negociaci\u00f3n de contratos comerciales y gubernamentales. Estructuraci\u00f3n y gesti\u00f3n de asociaciones p\u00fablico-privadas (APP). Asesoramiento sobre estrategias de inversi\u00f3n extranjera en diversos sectores. Experiencia en derecho mercantil internacional, incluidos los acuerdos comerciales, los contratos transfronterizos y la resoluci\u00f3n de litigios. Regulaci\u00f3n y cumplimiento normativo Asesoramiento [&hellip;]<\/p>\n","protected":false},"author":1,"featured_media":0,"parent":0,"menu_order":0,"comment_status":"closed","ping_status":"closed","template":"","meta":{"footnotes":""},"class_list":["post-2664","page","type-page","status-publish","hentry"],"yoast_head":"<!-- This site is optimized with the Yoast SEO plugin v27.5 - https:\/\/yoast.com\/product\/yoast-seo-wordpress\/ -->\n<title>Nuestros servicios - OBM Legal Consulting<\/title>\n<meta name=\"robots\" content=\"index, follow, max-snippet:-1, max-image-preview:large, max-video-preview:-1\" \/>\n<link rel=\"canonical\" href=\"https:\/\/www.obm-legal.com\/es\/nuestros-servicios\/\" \/>\n<meta property=\"og:locale\" content=\"es_ES\" \/>\n<meta property=\"og:type\" content=\"article\" \/>\n<meta property=\"og:title\" content=\"Nuestros servicios - OBM Legal Consulting\" \/>\n<meta property=\"og:description\" content=\"Nuestros servicios INICIO \/ NUESTROS SERVICIOS Contratos y transacciones Redacci\u00f3n y negociaci\u00f3n de contratos comerciales y gubernamentales. Estructuraci\u00f3n y gesti\u00f3n de asociaciones p\u00fablico-privadas (APP). Asesoramiento sobre estrategias de inversi\u00f3n extranjera en diversos sectores. Experiencia en derecho mercantil internacional, incluidos los acuerdos comerciales, los contratos transfronterizos y la resoluci\u00f3n de litigios. Regulaci\u00f3n y cumplimiento normativo Asesoramiento [&hellip;]\" \/>\n<meta property=\"og:url\" content=\"https:\/\/www.obm-legal.com\/es\/nuestros-servicios\/\" \/>\n<meta property=\"og:site_name\" content=\"OBM Legal Consulting\" \/>\n<meta property=\"article:modified_time\" content=\"2025-10-23T01:16:21+00:00\" \/>\n<meta name=\"twitter:card\" content=\"summary_large_image\" \/>\n<meta name=\"twitter:label1\" content=\"Tiempo de lectura\" \/>\n\t<meta name=\"twitter:data1\" content=\"1 minuto\" \/>\n<script type=\"application\/ld+json\" class=\"yoast-schema-graph\">{\"@context\":\"https:\\\/\\\/schema.org\",\"@graph\":[{\"@type\":\"WebPage\",\"@id\":\"https:\\\/\\\/www.obm-legal.com\\\/es\\\/nuestros-servicios\\\/\",\"url\":\"https:\\\/\\\/www.obm-legal.com\\\/es\\\/nuestros-servicios\\\/\",\"name\":\"Nuestros servicios - OBM Legal Consulting\",\"isPartOf\":{\"@id\":\"https:\\\/\\\/www.obm-legal.com\\\/es\\\/#website\"},\"datePublished\":\"2025-03-31T08:50:31+00:00\",\"dateModified\":\"2025-10-23T01:16:21+00:00\",\"breadcrumb\":{\"@id\":\"https:\\\/\\\/www.obm-legal.com\\\/es\\\/nuestros-servicios\\\/#breadcrumb\"},\"inLanguage\":\"es\",\"potentialAction\":[{\"@type\":\"ReadAction\",\"target\":[\"https:\\\/\\\/www.obm-legal.com\\\/es\\\/nuestros-servicios\\\/\"]}]},{\"@type\":\"BreadcrumbList\",\"@id\":\"https:\\\/\\\/www.obm-legal.com\\\/es\\\/nuestros-servicios\\\/#breadcrumb\",\"itemListElement\":[{\"@type\":\"ListItem\",\"position\":1,\"name\":\"Home\",\"item\":\"https:\\\/\\\/www.obm-legal.com\\\/es\\\/\"},{\"@type\":\"ListItem\",\"position\":2,\"name\":\"Nuestros servicios\"}]},{\"@type\":\"WebSite\",\"@id\":\"https:\\\/\\\/www.obm-legal.com\\\/es\\\/#website\",\"url\":\"https:\\\/\\\/www.obm-legal.com\\\/es\\\/\",\"name\":\"OBM Legal Consulting\",\"description\":\"\",\"potentialAction\":[{\"@type\":\"SearchAction\",\"target\":{\"@type\":\"EntryPoint\",\"urlTemplate\":\"https:\\\/\\\/www.obm-legal.com\\\/es\\\/?s={search_term_string}\"},\"query-input\":{\"@type\":\"PropertyValueSpecification\",\"valueRequired\":true,\"valueName\":\"search_term_string\"}}],\"inLanguage\":\"es\"}]}<\/script>\n<!-- \/ Yoast SEO plugin. -->","yoast_head_json":{"title":"Nuestros servicios - OBM Legal Consulting","robots":{"index":"index","follow":"follow","max-snippet":"max-snippet:-1","max-image-preview":"max-image-preview:large","max-video-preview":"max-video-preview:-1"},"canonical":"https:\/\/www.obm-legal.com\/es\/nuestros-servicios\/","og_locale":"es_ES","og_type":"article","og_title":"Nuestros servicios - OBM Legal Consulting","og_description":"Nuestros servicios INICIO \/ NUESTROS SERVICIOS Contratos y transacciones Redacci\u00f3n y negociaci\u00f3n de contratos comerciales y gubernamentales. Estructuraci\u00f3n y gesti\u00f3n de asociaciones p\u00fablico-privadas (APP). Asesoramiento sobre estrategias de inversi\u00f3n extranjera en diversos sectores. Experiencia en derecho mercantil internacional, incluidos los acuerdos comerciales, los contratos transfronterizos y la resoluci\u00f3n de litigios. Regulaci\u00f3n y cumplimiento normativo Asesoramiento [&hellip;]","og_url":"https:\/\/www.obm-legal.com\/es\/nuestros-servicios\/","og_site_name":"OBM Legal Consulting","article_modified_time":"2025-10-23T01:16:21+00:00","twitter_card":"summary_large_image","twitter_misc":{"Tiempo de lectura":"1 minuto"},"schema":{"@context":"https:\/\/schema.org","@graph":[{"@type":"WebPage","@id":"https:\/\/www.obm-legal.com\/es\/nuestros-servicios\/","url":"https:\/\/www.obm-legal.com\/es\/nuestros-servicios\/","name":"Nuestros servicios - OBM Legal Consulting","isPartOf":{"@id":"https:\/\/www.obm-legal.com\/es\/#website"},"datePublished":"2025-03-31T08:50:31+00:00","dateModified":"2025-10-23T01:16:21+00:00","breadcrumb":{"@id":"https:\/\/www.obm-legal.com\/es\/nuestros-servicios\/#breadcrumb"},"inLanguage":"es","potentialAction":[{"@type":"ReadAction","target":["https:\/\/www.obm-legal.com\/es\/nuestros-servicios\/"]}]},{"@type":"BreadcrumbList","@id":"https:\/\/www.obm-legal.com\/es\/nuestros-servicios\/#breadcrumb","itemListElement":[{"@type":"ListItem","position":1,"name":"Home","item":"https:\/\/www.obm-legal.com\/es\/"},{"@type":"ListItem","position":2,"name":"Nuestros servicios"}]},{"@type":"WebSite","@id":"https:\/\/www.obm-legal.com\/es\/#website","url":"https:\/\/www.obm-legal.com\/es\/","name":"OBM Legal Consulting","description":"","potentialAction":[{"@type":"SearchAction","target":{"@type":"EntryPoint","urlTemplate":"https:\/\/www.obm-legal.com\/es\/?s={search_term_string}"},"query-input":{"@type":"PropertyValueSpecification","valueRequired":true,"valueName":"search_term_string"}}],"inLanguage":"es"}]}},"_links":{"self":[{"href":"https:\/\/www.obm-legal.com\/es\/wp-json\/wp\/v2\/pages\/2664","targetHints":{"allow":["GET"]}}],"collection":[{"href":"https:\/\/www.obm-legal.com\/es\/wp-json\/wp\/v2\/pages"}],"about":[{"href":"https:\/\/www.obm-legal.com\/es\/wp-json\/wp\/v2\/types\/page"}],"author":[{"embeddable":true,"href":"https:\/\/www.obm-legal.com\/es\/wp-json\/wp\/v2\/users\/1"}],"replies":[{"embeddable":true,"href":"https:\/\/www.obm-legal.com\/es\/wp-json\/wp\/v2\/comments?post=2664"}],"version-history":[{"count":1,"href":"https:\/\/www.obm-legal.com\/es\/wp-json\/wp\/v2\/pages\/2664\/revisions"}],"predecessor-version":[{"id":2665,"href":"https:\/\/www.obm-legal.com\/es\/wp-json\/wp\/v2\/pages\/2664\/revisions\/2665"}],"wp:attachment":[{"href":"https:\/\/www.obm-legal.com\/es\/wp-json\/wp\/v2\/media?parent=2664"}],"curies":[{"name":"wp","href":"https:\/\/api.w.org\/{rel}","templated":true}]}}